{"id":54,"date":"2022-01-25T09:12:31","date_gmt":"2022-01-25T09:12:31","guid":{"rendered":"https:\/\/aulamentor.cabezonpisuerga.com\/?page_id=54"},"modified":"2023-05-10T11:42:22","modified_gmt":"2023-05-10T11:42:22","slug":"donde-estamos","status":"publish","type":"page","link":"https:\/\/aulamentor.cabezonpisuerga.com\/?page_id=54","title":{"rendered":"Donde estamos"},"content":{"rendered":"<p><strong>DONDE ESTAMOS<\/strong><\/p>\n<p>En la Casa de Cultura<\/p>\n<p>C\/Constituci\u00f3n n\u00ba7<\/p>\n<p>2\u00ba Planta<\/p>\n<p>Horario<\/p>\n<p>Ma\u00f1anas: Lunes y mi\u00e9rcoles de 10:00h a 14:00h<\/p>\n<p>Tardes:\u00a0 Lunes de 17:00h a 20:00h\u00a0 (Pedir antes cita previa por tel\u00e9fono WhatsApp o correo electr\u00f3nico)<\/p>\n<p>Tel\u00e9fono: 663 83 80 90<\/p>\n<p>Correo electr\u00f3nico: cabezondepisuerga@aulamentor.es<\/p>\n<p><a href=\"https:\/\/aulamentor.cabezonpisuerga.com\">https:\/\/aulamentor.cabezonpisuerga.com<\/a><\/p>\n<p><iframe loading=\"lazy\" style=\"border: 0;\" src=\"https:\/\/www.google.com\/maps\/embed?pb=!1m18!1m12!1m3!1d2977.354868133104!2d-4.64831338432165!3d41.73443798237079!2m3!1f0!2f0!3f0!3m2!1i1024!2i768!4f13.1!3m3!1m2!1s0xd470c1d739ecefb%3A0xec115ff724b2f091!2sC.%20Constituci%C3%B3n%2C%207%2C%2047260%20Cabez%C3%B3n%20de%20Pisuerga%2C%20Valladolid!5e0!3m2!1ses!2ses!4v1643618665103!5m2!1ses!2ses\" width=\"600\" height=\"450\" allowfullscreen=\"allowfullscreen\"><\/iframe><\/p>\n","protected":false},"excerpt":{"rendered":"<p>DONDE ESTAMOS En la Casa de Cultura C\/Constituci\u00f3n n\u00ba7 2\u00ba Planta Horario Ma\u00f1anas: Lunes y mi\u00e9rcoles de 10:00h a 14:00h Tardes:\u00a0 Lunes de 17:00h a 20:00h\u00a0 (Pedir antes cita previa por tel\u00e9fono WhatsApp o correo electr\u00f3nico) Tel\u00e9fono: 663 83 80 90 Correo electr\u00f3nico: cabezondepisuerga@aulamentor.es https:\/\/aulamentor.cabezonpisuerga.com<\/p>\n","protected":false},"author":1,"featured_media":0,"parent":0,"menu_order":0,"comment_status":"closed","ping_status":"closed","template":"","meta":{"footnotes":""},"class_list":["post-54","page","type-page","status-publish","hentry"],"_links":{"self":[{"href":"https:\/\/aulamentor.cabezonpisuerga.com\/index.php?rest_route=\/wp\/v2\/pages\/54","targetHints":{"allow":["GET"]}}],"collection":[{"href":"https:\/\/aulamentor.cabezonpisuerga.com\/index.php?rest_route=\/wp\/v2\/pages"}],"about":[{"href":"https:\/\/aulamentor.cabezonpisuerga.com\/index.php?rest_route=\/wp\/v2\/types\/page"}],"author":[{"embeddable":true,"href":"https:\/\/aulamentor.cabezonpisuerga.com\/index.php?rest_route=\/wp\/v2\/users\/1"}],"replies":[{"embeddable":true,"href":"https:\/\/aulamentor.cabezonpisuerga.com\/index.php?rest_route=%2Fwp%2Fv2%2Fcomments&post=54"}],"version-history":[{"count":10,"href":"https:\/\/aulamentor.cabezonpisuerga.com\/index.php?rest_route=\/wp\/v2\/pages\/54\/revisions"}],"predecessor-version":[{"id":227,"href":"https:\/\/aulamentor.cabezonpisuerga.com\/index.php?rest_route=\/wp\/v2\/pages\/54\/revisions\/227"}],"wp:attachment":[{"href":"https:\/\/aulamentor.cabezonpisuerga.com\/index.php?rest_route=%2Fwp%2Fv2%2Fmedia&parent=54"}],"curies":[{"name":"wp","href":"https:\/\/api.w.org\/{rel}","templated":true}]}}