{"id":44,"date":"2022-01-25T09:08:27","date_gmt":"2022-01-25T09:08:27","guid":{"rendered":"https:\/\/aulamentor.cabezonpisuerga.com\/?page_id=44"},"modified":"2022-10-10T06:44:28","modified_gmt":"2022-10-10T06:44:28","slug":"nuestros-cursos","status":"publish","type":"page","link":"https:\/\/aulamentor.cabezonpisuerga.com\/?page_id=44","title":{"rendered":"Nuestros Cursos"},"content":{"rendered":"<p>A PARTIR DEL 3 DE MAYO DE 2022<\/p>\n<p><strong>Iniciaci\u00f3n a la Inform\u00e1tica<\/strong><\/p>\n<ul>\n<li style=\"list-style-type: none;\">\n<ul>\n<li><a href=\"https:\/\/centrovirtual.educacion.es\/Symfony14\/mentor.php\/areasCursosWeb\/mostrarInfoCurso\/idCurso\/941\">Introducci\u00f3n a la inform\u00e1tica con Windows<\/a>\n<ul>\n<li><a href=\"https:\/\/aulamentor.cabezonpisuerga.com\/wp-content\/uploads\/2022\/10\/cursoIntroduccionInformatica.zip\">Curso Introduccion Informatica<\/a><\/li>\n<\/ul>\n<\/li>\n<li><a href=\"https:\/\/centrovirtual.educacion.es\/Symfony14\/mentor.php\/areasCursosWeb\/mostrarInfoCurso\/idCurso\/1165\">Linux para usuarios<\/a><\/li>\n<li><a href=\"https:\/\/centrovirtual.educacion.es\/Symfony14\/mentor.php\/areasCursosWeb\/mostrarInfoCurso\/idCurso\/1241\">Sistemas Apple para usuarios<\/a> ( el alumno debe tener un Un dispositivo con iOS 10 instalado (iPhone o iPad) y\/o un macbook con macOS Sierra instalado.)<\/li>\n<\/ul>\n<\/li>\n<\/ul>\n<p><strong>Internet<\/strong><\/p>\n<ul>\n<li style=\"list-style-type: none;\">\n<ul>\n<li><a href=\"https:\/\/centrovirtual.educacion.es\/Symfony14\/mentor.php\/areasCursosWeb\/mostrarInfoCurso\/idCurso\/790\">Iniciaci\u00f3n a internet<\/a><\/li>\n<li><a href=\"https:\/\/centrovirtual.educacion.es\/Symfony14\/mentor.php\/areasCursosWeb\/mostrarInfoCurso\/idCurso\/578\">Seguridad en internet<\/a><\/li>\n<li><a href=\"https:\/\/centrovirtual.educacion.es\/Symfony14\/mentor.php\/areasCursosWeb\/mostrarInfoCurso\/idCurso\/1161\">Internet \u00fatil<\/a><\/li>\n<\/ul>\n<\/li>\n<\/ul>\n<p><strong>Ofim\u00e1tica<\/strong><\/p>\n<ul>\n<li style=\"list-style-type: none;\">\n<ul>\n<li><a href=\"https:\/\/centrovirtual.educacion.es\/Symfony14\/mentor.php\/areasCursosWeb\/mostrarInfoCurso\/idCurso\/942\">LibreOffice<\/a><\/li>\n<li><a href=\"https:\/\/centrovirtual.educacion.es\/Symfony14\/mentor.php\/areasCursosWeb\/mostrarInfoCurso\/idCurso\/942\">Iniciaci\u00f3n a office<\/a><\/li>\n<li><a href=\"https:\/\/centrovirtual.educacion.es\/Symfony14\/mentor.php\/areasCursosWeb\/mostrarInfoCurso\/idCurso\/467\">Powerpoint<\/a><\/li>\n<li><a href=\"https:\/\/centrovirtual.educacion.es\/Symfony14\/mentor.php\/areasCursosWeb\/mostrarInfoCurso\/idCurso\/521\">Word<\/a><\/li>\n<\/ul>\n<\/li>\n<\/ul>\n<p><strong>Programaci\u00f3n<\/strong><\/p>\n<ul>\n<li style=\"list-style-type: none;\">\n<ul>\n<li><a href=\"https:\/\/centrovirtual.educacion.es\/Symfony14\/mentor.php\/areasCursosWeb\/mostrarInfoCurso\/idCurso\/1123\">Desarrollo de aplicaciones web multiplataforma<\/a><\/li>\n<li><a href=\"https:\/\/centrovirtual.educacion.es\/Symfony14\/mentor.php\/areasCursosWeb\/mostrarInfoCurso\/idCurso\/1160\">Desarrollo de aplicaciones para android<\/a><\/li>\n<li><a href=\"https:\/\/centrovirtual.educacion.es\/Symfony14\/mentor.php\/areasCursosWeb\/mostrarInfoCurso\/idCurso\/589\">Dise\u00f1o de bases de datos<\/a><\/li>\n<li><a href=\"https:\/\/centrovirtual.educacion.es\/Symfony14\/mentor.php\/areasCursosWeb\/mostrarInfoCurso\/idCurso\/485\">Iniciaci\u00f3n a la Programaci\u00f3n<\/a><\/li>\n<li><a href=\"https:\/\/centrovirtual.educacion.es\/Symfony14\/mentor.php\/areasCursosWeb\/mostrarInfoCurso\/idCurso\/1117\">Iniciaci\u00f3n a PHP<\/a><\/li>\n<li><a href=\"https:\/\/centrovirtual.educacion.es\/Symfony14\/mentor.php\/areasCursosWeb\/mostrarInfoCurso\/idCurso\/1214\">Programa tus dispositivos<\/a><\/li>\n<li><a href=\"https:\/\/centrovirtual.educacion.es\/Symfony14\/mentor.php\/areasCursosWeb\/mostrarInfoCurso\/idCurso\/814\">Programaci\u00f3n en JAVA<\/a><\/li>\n<li><a href=\"https:\/\/centrovirtual.educacion.es\/Symfony14\/mentor.php\/areasCursosWeb\/mostrarInfoCurso\/idCurso\/612\">SQL con MYSQL<\/a><\/li>\n<\/ul>\n<\/li>\n<\/ul>\n<p><strong>Redes y equipos inform\u00e1ticos<\/strong><\/p>\n<ul>\n<li style=\"list-style-type: none;\">\n<ul>\n<li><a href=\"https:\/\/centrovirtual.educacion.es\/Symfony14\/mentor.php\/areasCursosWeb\/mostrarInfoCurso\/idCurso\/1244\">Mantenimiento de equipos inform\u00e1ticos<\/a><\/li>\n<li><a href=\"https:\/\/centrovirtual.educacion.es\/Symfony14\/mentor.php\/areasCursosWeb\/mostrarInfoCurso\/idCurso\/576\">Redes de \u00e1rea local<\/a><\/li>\n<li><a href=\"https:\/\/centrovirtual.educacion.es\/Symfony14\/mentor.php\/areasCursosWeb\/mostrarInfoCurso\/idCurso\/1073\">Seguridad Inform\u00e1tica<\/a><\/li>\n<\/ul>\n<\/li>\n<\/ul>\n<p>&nbsp;<\/p>\n<p><strong>Dise\u00f1o y autoedici\u00f3n, Dise\u00f1o Web<\/strong><\/p>\n<ul>\n<li style=\"list-style-type: none;\">\n<ul>\n<li><a href=\"https:\/\/centrovirtual.educacion.es\/Symfony14\/mentor.php\/areasCursosWeb\/mostrarInfoCurso\/idCurso\/952\">Dise\u00f1o gr\u00e1fico impreso y digital. Fundamentos pr\u00e1cticos<\/a><\/li>\n<li><a href=\"https:\/\/centrovirtual.educacion.es\/Symfony14\/mentor.php\/areasCursosWeb\/mostrarInfoCurso\/idCurso\/957\">GIMP<\/a><\/li>\n<li><a href=\"https:\/\/centrovirtual.educacion.es\/Symfony14\/mentor.php\/areasCursosWeb\/mostrarInfoCurso\/idCurso\/1080\">Crea tu web con wordpress<\/a><\/li>\n<li><a href=\"https:\/\/centrovirtual.educacion.es\/Symfony14\/mentor.php\/areasCursosWeb\/mostrarInfoCurso\/idCurso\/1163\">HTML5<\/a><\/li>\n<li><a href=\"https:\/\/centrovirtual.educacion.es\/Symfony14\/mentor.php\/areasCursosWeb\/mostrarInfoCurso\/idCurso\/1246\">Multimedia y web 2.0<\/a><\/li>\n<\/ul>\n<\/li>\n<\/ul>\n<p><strong>Medios Audiovisuales<\/strong><\/p>\n<ul>\n<li style=\"list-style-type: none;\">\n<ul>\n<li><a href=\"https:\/\/centrovirtual.educacion.es\/Symfony14\/mentor.php\/areasCursosWeb\/mostrarInfoCurso\/idCurso\/1012\">After effects CS6<\/a><\/li>\n<li><a href=\"https:\/\/centrovirtual.educacion.es\/Symfony14\/mentor.php\/areasCursosWeb\/mostrarInfoCurso\/idCurso\/1208\">An\u00e1lisis y escritura de guiones de cine<\/a><\/li>\n<li><a href=\"https:\/\/centrovirtual.educacion.es\/Symfony14\/mentor.php\/areasCursosWeb\/mostrarInfoCurso\/idCurso\/1127\">Avid Media Composer<\/a><\/li>\n<li><a href=\"https:\/\/centrovirtual.educacion.es\/Symfony14\/mentor.php\/areasCursosWeb\/mostrarInfoCurso\/idCurso\/852\">Creaci\u00f3n y producci\u00f3n musical<\/a><\/li>\n<li><a href=\"https:\/\/centrovirtual.educacion.es\/Symfony14\/mentor.php\/areasCursosWeb\/mostrarInfoCurso\/idCurso\/1112\">Fotograf\u00eda Digital<\/a><\/li>\n<li><a href=\"https:\/\/centrovirtual.educacion.es\/Symfony14\/mentor.php\/areasCursosWeb\/mostrarInfoCurso\/idCurso\/644\">Fundamentos de la Fotograf\u00eda<\/a><\/li>\n<\/ul>\n<\/li>\n<\/ul>\n<p><strong>Energ\u00eda<\/strong><\/p>\n<ul>\n<li style=\"list-style-type: none;\">\n<ul>\n<li><a href=\"https:\/\/centrovirtual.educacion.es\/Symfony14\/mentor.php\/areasCursosWeb\/mostrarInfoCurso\/idCurso\/588\">Evaluaci\u00f3n del impacto ambiental<\/a><\/li>\n<\/ul>\n<\/li>\n<\/ul>\n<p><strong>Instalaciones y control<\/strong><\/p>\n<ul>\n<li style=\"list-style-type: none;\">\n<ul>\n<li><a href=\"https:\/\/centrovirtual.educacion.es\/Symfony14\/mentor.php\/areasCursosWeb\/mostrarInfoCurso\/idCurso\/801\">Automatismos neum\u00e1ticos y electroneum\u00e1ticos<\/a><\/li>\n<li><a href=\"https:\/\/centrovirtual.educacion.es\/Symfony14\/mentor.php\/areasCursosWeb\/mostrarInfoCurso\/idCurso\/579\">Sistemas de climatizaci\u00f3n y aire acondicionado<\/a><\/li>\n<li><a href=\"https:\/\/centrovirtual.educacion.es\/Symfony14\/mentor.php\/areasCursosWeb\/mostrarInfoCurso\/idCurso\/1062\">Fontaner\u00eda y uso racional del agua<\/a><\/li>\n<li><a href=\"https:\/\/centrovirtual.educacion.es\/Symfony14\/mentor.php\/areasCursosWeb\/mostrarInfoCurso\/idCurso\/484\">Conocimiento del reglamento electrot\u00e9cnico de baja tensi\u00f3n<\/a><\/li>\n<li><a href=\"https:\/\/centrovirtual.educacion.es\/Symfony14\/mentor.php\/areasCursosWeb\/mostrarInfoCurso\/idCurso\/585\">Micro PLC. Automatizaci\u00f3n f\u00e1cil<\/a><\/li>\n<li><a href=\"https:\/\/centrovirtual.educacion.es\/Symfony14\/mentor.php\/areasCursosWeb\/mostrarInfoCurso\/idCurso\/1242\">Programaci\u00f3n industrial con codesys<\/a><\/li>\n<\/ul>\n<\/li>\n<\/ul>\n<p><strong>Salud<\/strong><\/p>\n<ul>\n<li style=\"list-style-type: none;\">\n<ul>\n<li><a href=\"https:\/\/centrovirtual.educacion.es\/Symfony14\/mentor.php\/areasCursosWeb\/mostrarInfoCurso\/idCurso\/953\">Aprender a cuidar en casa a personas en situaci\u00f3n de dependencia<\/a><\/li>\n<li><a href=\"https:\/\/centrovirtual.educacion.es\/Symfony14\/mentor.php\/areasCursosWeb\/mostrarInfoCurso\/idCurso\/500\">Cuidados del Anciano<\/a><\/li>\n<li><a href=\"https:\/\/centrovirtual.educacion.es\/Symfony14\/mentor.php\/areasCursosWeb\/mostrarInfoCurso\/idCurso\/557\">Cuidados del Beb\u00e9<\/a><\/li>\n<li><a href=\"https:\/\/centrovirtual.educacion.es\/Symfony14\/mentor.php\/areasCursosWeb\/mostrarInfoCurso\/idCurso\/786\">Iniciaci\u00f3n a la Musicoterapia<\/a><\/li>\n<li><a href=\"https:\/\/centrovirtual.educacion.es\/Symfony14\/mentor.php\/areasCursosWeb\/mostrarInfoCurso\/idCurso\/1243\">Nutrici\u00f3n<\/a><\/li>\n<\/ul>\n<\/li>\n<\/ul>\n<p>&nbsp;<\/p>\n<p><strong>Educaci\u00f3n<\/strong><\/p>\n<ul>\n<li style=\"list-style-type: none;\">\n<ul>\n<li><a href=\"https:\/\/centrovirtual.educacion.es\/Symfony14\/mentor.php\/areasCursosWeb\/mostrarInfoCurso\/idCurso\/517\">Educaci\u00f3n infantil<\/a><\/li>\n<li><a href=\"https:\/\/centrovirtual.educacion.es\/Symfony14\/mentor.php\/areasCursosWeb\/mostrarInfoCurso\/idCurso\/481\">Educaci\u00f3n sexual<\/a><\/li>\n<li><a href=\"https:\/\/centrovirtual.educacion.es\/Symfony14\/mentor.php\/areasCursosWeb\/mostrarInfoCurso\/idCurso\/1016\">Escuela de padres y madres<\/a><\/li>\n<li><a href=\"https:\/\/centrovirtual.educacion.es\/Symfony14\/mentor.php\/areasCursosWeb\/mostrarInfoCurso\/idCurso\/803\">Familia, escuela y convivencia<\/a><\/li>\n<li><a href=\"https:\/\/centrovirtual.educacion.es\/Symfony14\/mentor.php\/areasCursosWeb\/mostrarInfoCurso\/idCurso\/1177\">Herramientas para el aprendizaje en educaci\u00f3n formal y no formal: Enfoque Proyect<\/a><\/li>\n<li><a href=\"https:\/\/centrovirtual.educacion.es\/Symfony14\/mentor.php\/areasCursosWeb\/mostrarInfoCurso\/idCurso\/1067\">Lengua de signos A1<\/a><\/li>\n<li><a href=\"https:\/\/centrovirtual.educacion.es\/Symfony14\/mentor.php\/areasCursosWeb\/mostrarInfoCurso\/idCurso\/1125\">Lengua de signos A2<\/a><\/li>\n<li><a href=\"https:\/\/centrovirtual.educacion.es\/Symfony14\/mentor.php\/areasCursosWeb\/mostrarInfoCurso\/idCurso\/591\">Prevenci\u00f3n de drogodependencias<\/a><\/li>\n<li><a href=\"https:\/\/centrovirtual.educacion.es\/Symfony14\/mentor.php\/areasCursosWeb\/mostrarInfoCurso\/idCurso\/943\">T\u00e9cnicas de estudio<\/a><\/li>\n<li><a href=\"https:\/\/centrovirtual.educacion.es\/Symfony14\/mentor.php\/areasCursosWeb\/mostrarInfoCurso\/idCurso\/1259\">Modulaci\u00f3n de la voz<\/a><\/li>\n<\/ul>\n<\/li>\n<\/ul>\n<p><strong>Cultura y formaci\u00f3n general<\/strong><\/p>\n<ul>\n<li style=\"list-style-type: none;\">\n<ul>\n<li><a href=\"https:\/\/centrovirtual.educacion.es\/Symfony14\/mentor.php\/areasCursosWeb\/mostrarInfoCurso\/idCurso\/1175\">Coaching y liderazgo personal<\/a><\/li>\n<li><a href=\"https:\/\/centrovirtual.educacion.es\/Symfony14\/mentor.php\/areasCursosWeb\/mostrarInfoCurso\/idCurso\/584\">Historia del Arte<\/a><\/li>\n<li><a href=\"https:\/\/centrovirtual.educacion.es\/Symfony14\/mentor.php\/areasCursosWeb\/mostrarInfoCurso\/idCurso\/489\">Historia del Arte en Espa\u00f1a<\/a><\/li>\n<li><a href=\"https:\/\/centrovirtual.educacion.es\/Symfony14\/mentor.php\/areasCursosWeb\/mostrarInfoCurso\/idCurso\/488\">Taller de comunicaci\u00f3n escrita inicial<\/a><\/li>\n<\/ul>\n<\/li>\n<\/ul>\n<p><strong>Idiomas<\/strong><\/p>\n<ul>\n<li style=\"list-style-type: none;\">\n<ul>\n<li><a href=\"https:\/\/centrovirtual.educacion.es\/Symfony14\/mentor.php\/areasCursosWeb\/mostrarCursos?idArea=88\">Ingl\u00e9s<\/a><\/li>\n<\/ul>\n<\/li>\n<\/ul>\n<p><strong>Ecolog\u00eda<\/strong><\/p>\n<ul>\n<li style=\"list-style-type: none;\">\n<ul>\n<li><a href=\"https:\/\/centrovirtual.educacion.es\/Symfony14\/mentor.php\/areasCursosWeb\/mostrarInfoCurso\/idCurso\/587\">Agricultora ecol\u00f3gica<\/a><\/li>\n<li><a href=\"https:\/\/centrovirtual.educacion.es\/Symfony14\/mentor.php\/areasCursosWeb\/mostrarInfoCurso\/idCurso\/931\">Iniciaci\u00f3n a la Jardiner\u00eda<\/a><\/li>\n<li><a href=\"https:\/\/centrovirtual.educacion.es\/Symfony14\/mentor.php\/areasCursosWeb\/mostrarInfoCurso\/idCurso\/1071\">Jardiner\u00eda Ornamental y Hort\u00edcola<\/a><\/li>\n<\/ul>\n<\/li>\n<\/ul>\n<p><strong>Iniciativas empresariales<\/strong><\/p>\n<ul>\n<li style=\"list-style-type: none;\">\n<ul>\n<li><a href=\"https:\/\/centrovirtual.educacion.es\/Symfony14\/mentor.php\/areasCursosWeb\/mostrarInfoCurso\/idCurso\/707\">Administraci\u00f3n de fincas<\/a><\/li>\n<li><a href=\"https:\/\/centrovirtual.educacion.es\/Symfony14\/mentor.php\/areasCursosWeb\/mostrarInfoCurso\/idCurso\/1251\">Atenci\u00f3n telef\u00f3nica<\/a><\/li>\n<li><a href=\"https:\/\/centrovirtual.educacion.es\/Symfony14\/mentor.php\/areasCursosWeb\/mostrarInfoCurso\/idCurso\/1005\">Escaparatismo e imagen en el punto de venta<\/a><\/li>\n<li><a href=\"https:\/\/centrovirtual.educacion.es\/Symfony14\/mentor.php\/areasCursosWeb\/mostrarInfoCurso\/idCurso\/471\">Gesti\u00f3n inmobiliaria<\/a><\/li>\n<li><a href=\"https:\/\/centrovirtual.educacion.es\/Symfony14\/mentor.php\/areasCursosWeb\/mostrarInfoCurso\/idCurso\/940\">Patronaje<\/a><\/li>\n<li><a href=\"https:\/\/centrovirtual.educacion.es\/Symfony14\/mentor.php\/areasCursosWeb\/mostrarInfoCurso\/idCurso\/1070\">Redes sociales para PYMES. Introducci\u00f3n al Community Management<\/a><\/li>\n<\/ul>\n<\/li>\n<\/ul>\n<p><strong>Creaci\u00f3n y administraci\u00f3n de PYMES<\/strong><\/p>\n<ul>\n<li style=\"list-style-type: none;\">\n<ul>\n<li><a href=\"https:\/\/centrovirtual.educacion.es\/Symfony14\/mentor.php\/areasCursosWeb\/mostrarInfoCurso\/idCurso\/558\">C\u00f3mo crear una PYME<\/a><\/li>\n<li><a href=\"https:\/\/centrovirtual.educacion.es\/Symfony14\/mentor.php\/areasCursosWeb\/mostrarInfoCurso\/idCurso\/518\">Gesti\u00f3n de la calidad<\/a><\/li>\n<\/ul>\n<\/li>\n<\/ul>\n<p><strong>Gesti\u00f3n comercial y financiera de PYMES<\/strong><\/p>\n<ul>\n<li style=\"list-style-type: none;\">\n<ul>\n<li><a href=\"https:\/\/centrovirtual.educacion.es\/Symfony14\/mentor.php\/areasCursosWeb\/mostrarInfoCurso\/idCurso\/559\">Contabilidad avanzada<\/a><\/li>\n<li><a href=\"https:\/\/centrovirtual.educacion.es\/Symfony14\/mentor.php\/areasCursosWeb\/mostrarInfoCurso\/idCurso\/483\">Gesti\u00f3n financiera<\/a><\/li>\n<li><a href=\"https:\/\/centrovirtual.educacion.es\/Symfony14\/mentor.php\/areasCursosWeb\/mostrarInfoCurso\/idCurso\/486\">Iniciaci\u00f3n a la contabilidad<\/a><\/li>\n<\/ul>\n<\/li>\n<\/ul>\n<p><strong>Gesti\u00f3n de recursos humanos<\/strong><\/p>\n<ul>\n<li style=\"list-style-type: none;\">\n<ul>\n<li><a href=\"https:\/\/centrovirtual.educacion.es\/Symfony14\/mentor.php\/areasCursosWeb\/mostrarInfoCurso\/idCurso\/890\">Gesti\u00f3n de recursos humanos<\/a><\/li>\n<li><a href=\"https:\/\/centrovirtual.educacion.es\/Symfony14\/mentor.php\/areasCursosWeb\/mostrarInfoCurso\/idCurso\/1166\">N\u00f3minas y seguros sociales<\/a><\/li>\n<li><a href=\"https:\/\/centrovirtual.educacion.es\/Symfony14\/mentor.php\/areasCursosWeb\/mostrarInfoCurso\/idCurso\/898\">Orientaci\u00f3n profesional y b\u00fasqueda de empleo<\/a><\/li>\n<li><a href=\"https:\/\/centrovirtual.educacion.es\/Symfony14\/mentor.php\/areasCursosWeb\/mostrarInfoCurso\/idCurso\/519\">Fundamentos para la prevenci\u00f3n de riesgos laborales<\/a><\/li>\n<\/ul>\n<\/li>\n<\/ul>\n<p><strong>Tributos<\/strong><\/p>\n<ul>\n<li style=\"list-style-type: none;\">\n<ul>\n<li><a href=\"https:\/\/centrovirtual.educacion.es\/Symfony14\/mentor.php\/areasCursosWeb\/mostrarInfoCurso\/idCurso\/1017\">Impuesto de sociedades<\/a><\/li>\n<li><a href=\"https:\/\/centrovirtual.educacion.es\/Symfony14\/mentor.php\/areasCursosWeb\/mostrarInfoCurso\/idCurso\/932\">Impuesto sobre el valor a\u00f1adido (IVA)<\/a><\/li>\n<li><a href=\"https:\/\/centrovirtual.educacion.es\/Symfony14\/mentor.php\/areasCursosWeb\/mostrarInfoCurso\/idCurso\/791\">IRPF<\/a><\/li>\n<li><a href=\"https:\/\/centrovirtual.educacion.es\/Symfony14\/mentor.php\/areasCursosWeb\/mostrarInfoCurso\/idCurso\/893\">La tributaci\u00f3n local<\/a><\/li>\n<li><a href=\"https:\/\/centrovirtual.educacion.es\/Symfony14\/mentor.php\/areasCursosWeb\/mostrarInfoCurso\/idCurso\/891\">Normativa y procedimientos tributarios.<\/a><\/li>\n<\/ul>\n<\/li>\n<\/ul>\n<p><strong>Certificaci\u00f3n acad\u00e9mica CISCO<\/strong><\/p>\n<ul>\n<li style=\"list-style-type: none;\">\n<ul>\n<li><a href=\"https:\/\/centrovirtual.educacion.es\/Symfony14\/mentor.php\/areasCursosWeb\/mostrarInfoCurso\/idCurso\/1268\">CYBEROPS associate<\/a><\/li>\n<li><a href=\"https:\/\/centrovirtual.educacion.es\/Symfony14\/mentor.php\/areasCursosWeb\/mostrarInfoCurso\/idCurso\/1263\">CCNA7 &#8211; MODULO 1<\/a><\/li>\n<li><a href=\"https:\/\/centrovirtual.educacion.es\/Symfony14\/mentor.php\/areasCursosWeb\/mostrarInfoCurso\/idCurso\/1264\">CCNA7 &#8211; MODULO 2<\/a><\/li>\n<li><a href=\"https:\/\/centrovirtual.educacion.es\/Symfony14\/mentor.php\/areasCursosWeb\/mostrarInfoCurso\/idCurso\/1265\">CCNA7 &#8211; MODULO 3<\/a><\/li>\n<li><a href=\"https:\/\/centrovirtual.educacion.es\/Symfony14\/mentor.php\/areasCursosWeb\/mostrarInfoCurso\/idCurso\/1273\">DEV NET V1<\/a><\/li>\n<\/ul>\n<\/li>\n<\/ul>\n<p><strong>Hosteler\u00eda y Turismo<\/strong><\/p>\n<ul>\n<li style=\"list-style-type: none;\">\n<ul>\n<li><a href=\"https:\/\/centrovirtual.educacion.es\/Symfony14\/mentor.php\/areasCursosWeb\/mostrarInfoCurso\/idCurso\/815\">Dise\u00f1o de productos y servicios tur\u00edsticos locales<\/a><\/li>\n<li><a href=\"https:\/\/centrovirtual.educacion.es\/Symfony14\/mentor.php\/areasCursosWeb\/mostrarInfoCurso\/idCurso\/810\">Informaci\u00f3n y atenci\u00f3n al visitante<\/a><\/li>\n<li><a href=\"https:\/\/centrovirtual.educacion.es\/Symfony14\/mentor.php\/areasCursosWeb\/mostrarInfoCurso\/idCurso\/820\">Organizaci\u00f3n del servicio tur\u00edstico local<\/a><\/li>\n<li><a href=\"https:\/\/centrovirtual.educacion.es\/Symfony14\/mentor.php\/areasCursosWeb\/mostrarInfoCurso\/idCurso\/806\">Promoci\u00f3n y comercializaci\u00f3n de productos y servicios tur\u00edsticos locales<\/a><\/li>\n<\/ul>\n<\/li>\n<\/ul>\n<p><strong>Administraci\u00f3n y Gesti\u00f3n<\/strong><\/p>\n<ul>\n<li style=\"list-style-type: none;\">\n<ul>\n<li><a href=\"https:\/\/centrovirtual.educacion.es\/Symfony14\/mentor.php\/areasCursosWeb\/mostrarInfoCurso\/idCurso\/1261\">Aplicaciones inform\u00e1ticas de administraci\u00f3n de Recursos Humanos: Nomima SOL<\/a><\/li>\n<li><a href=\"https:\/\/centrovirtual.educacion.es\/Symfony14\/mentor.php\/areasCursosWeb\/mostrarInfoCurso\/idCurso\/1122\">C\u00e1lculo de prestaciones a la seguridad social<\/a><\/li>\n<li><a href=\"https:\/\/centrovirtual.educacion.es\/Symfony14\/mentor.php\/areasCursosWeb\/mostrarInfoCurso\/idCurso\/1074\">Comunicaci\u00f3n efectiva y trabajo en equipo<\/a><\/li>\n<li><a href=\"https:\/\/centrovirtual.educacion.es\/Symfony14\/mentor.php\/areasCursosWeb\/mostrarInfoCurso\/idCurso\/1065\">Colaboraci\u00f3n del mando intermedio en la prevenci\u00f3n de riesgos laborales<\/a><\/li>\n<li><a href=\"https:\/\/centrovirtual.educacion.es\/Symfony14\/mentor.php\/areasCursosWeb\/mostrarInfoCurso\/idCurso\/899\">Retribuciones salariales, cotizaci\u00f3n y recaudaci\u00f3n.<\/a><\/li>\n<\/ul>\n<\/li>\n<\/ul>\n<p><strong>Servicios socioculturales a la comunidad<\/strong><\/p>\n<ul>\n<li style=\"list-style-type: none;\">\n<ul>\n<li><a href=\"https:\/\/centrovirtual.educacion.es\/Symfony14\/mentor.php\/areasCursosWeb\/mostrarInfoCurso\/idCurso\/1066\">Administraci\u00f3n de alimentos y tratamientos a personas dependientes en domicilio<\/a><\/li>\n<li><a href=\"https:\/\/centrovirtual.educacion.es\/Symfony14\/mentor.php\/areasCursosWeb\/mostrarInfoCurso\/idCurso\/929\">Atenci\u00f3n higi\u00e9nico &#8211; sanitaria de personas dependientes<\/a><\/li>\n<\/ul>\n<\/li>\n<\/ul>\n<p>&nbsp;<\/p>\n<p><strong>Comercio y marketing<\/strong><\/p>\n<ul>\n<li><a href=\"https:\/\/centrovirtual.educacion.es\/Symfony14\/mentor.php\/areasCursosWeb\/mostrarInfoCurso\/idCurso\/1009\">Gesti\u00f3n de pedidos y stock<\/a><\/li>\n<li><a href=\"https:\/\/centrovirtual.educacion.es\/Symfony14\/mentor.php\/areasCursosWeb\/mostrarInfoCurso\/idCurso\/964\">Seguridad y prevenci\u00f3n de riesgos en el almac\u00e9n<\/a><\/li>\n<\/ul>\n<p><strong><a href=\"http:\/\/www.aulamentor.es\/es\/cursos-mentor\">Cursos en abierto<\/a><\/strong><\/p>\n","protected":false},"excerpt":{"rendered":"<p>A PARTIR DEL 3 DE MAYO DE 2022 Iniciaci\u00f3n a la Inform\u00e1tica Introducci\u00f3n a la inform\u00e1tica con Windows Curso Introduccion Informatica Linux para usuarios Sistemas Apple para usuarios ( el alumno debe tener un Un dispositivo con iOS 10 instalado (iPhone o iPad) y\/o un macbook con macOS Sierra instalado.) Internet Iniciaci\u00f3n a internet Seguridad [&hellip;]<\/p>\n","protected":false},"author":1,"featured_media":0,"parent":0,"menu_order":0,"comment_status":"closed","ping_status":"closed","template":"","meta":{"footnotes":""},"class_list":["post-44","page","type-page","status-publish","hentry"],"_links":{"self":[{"href":"https:\/\/aulamentor.cabezonpisuerga.com\/index.php?rest_route=\/wp\/v2\/pages\/44","targetHints":{"allow":["GET"]}}],"collection":[{"href":"https:\/\/aulamentor.cabezonpisuerga.com\/index.php?rest_route=\/wp\/v2\/pages"}],"about":[{"href":"https:\/\/aulamentor.cabezonpisuerga.com\/index.php?rest_route=\/wp\/v2\/types\/page"}],"author":[{"embeddable":true,"href":"https:\/\/aulamentor.cabezonpisuerga.com\/index.php?rest_route=\/wp\/v2\/users\/1"}],"replies":[{"embeddable":true,"href":"https:\/\/aulamentor.cabezonpisuerga.com\/index.php?rest_route=%2Fwp%2Fv2%2Fcomments&post=44"}],"version-history":[{"count":44,"href":"https:\/\/aulamentor.cabezonpisuerga.com\/index.php?rest_route=\/wp\/v2\/pages\/44\/revisions"}],"predecessor-version":[{"id":158,"href":"https:\/\/aulamentor.cabezonpisuerga.com\/index.php?rest_route=\/wp\/v2\/pages\/44\/revisions\/158"}],"wp:attachment":[{"href":"https:\/\/aulamentor.cabezonpisuerga.com\/index.php?rest_route=%2Fwp%2Fv2%2Fmedia&parent=44"}],"curies":[{"name":"wp","href":"https:\/\/api.w.org\/{rel}","templated":true}]}}