{"id":104,"date":"2022-01-31T08:23:47","date_gmt":"2022-01-31T08:23:47","guid":{"rendered":"https:\/\/aulamentor.cabezonpisuerga.com\/?page_id=104"},"modified":"2023-05-10T11:43:29","modified_gmt":"2023-05-10T11:43:29","slug":"conocenos","status":"publish","type":"page","link":"https:\/\/aulamentor.cabezonpisuerga.com\/?page_id=104","title":{"rendered":"Conocenos"},"content":{"rendered":"<p>El Ayuntamiento de Cabez\u00f3n de Pisuerga ha suscrito un convenio de colaboraci\u00f3n con el Ministerio de Educaci\u00f3n y Formaci\u00f3n Profesional, para ofrecer a nuestros vecinos una oferta de formaci\u00f3n online, abierta y flexible de m\u00e1s de 150 cursos.<\/p>\n<p>Si quieres matricularte u obtener m\u00e1s informaci\u00f3n de los cursos que, lo primero que debes hacer es hablar con administrador del aula.<\/p>\n<p>Puedes acudir al aula de forma <strong>presencial<\/strong> en este horario:<\/p>\n<ul>\n<li>Lunes y mi\u00e9rcoles de 10:00h a 14:00h<\/li>\n<\/ul>\n<p>Tambi\u00e9n puedes acudir los lunes por la tarde de 17:00h a 20:00h solicitando cita previamente en el tel\u00e9fono 663838090<\/p>\n<p>Estamos en la Casa de Cultura, C\/Constituci\u00f3n n\u00ba7 Segunda Planta.<\/p>\n<p>Puedes contactar\u00a0 por correo electr\u00f3nico:<strong> cabezondepisuerga@aulamentor.es<\/strong> o en el tel\u00e9fono 663838090 atendemos tambi\u00e9n por Whatsapp<\/p>\n<p><strong>\u00bfC\u00f3mo matricularse?<\/strong><\/p>\n<p>La matr\u00edcula est\u00e1 permanentemente abierta y puede realizarse cualquier d\u00eda del a\u00f1o excepto durante el mes de agosto, en el horario de apertura del Aula Mentor. Estos son los pasos que debes seguir:<\/p>\n<ol>\n<li>Habla con el administrador del aula para informarte sobre el curso que quieres realizar y su planificaci\u00f3n.<\/li>\n<li>Realiza el pago del curso de 48\u20ac<\/li>\n<li>Env\u00edanos o entrega la copia del justificante de pago junto con tus datos personales (DNI, nombre y apellidos, fecha de nacimiento, e-mail y tel\u00e9fono) y te daremos de alta.<\/li>\n<\/ol>\n<p><a href=\"https:\/\/aulamentor.cabezonpisuerga.com\/wp-content\/uploads\/2022\/10\/AltaMatriculaCursoMentor.doc\">Formulario alta Matricula Curso Mentor<\/a><\/p>\n","protected":false},"excerpt":{"rendered":"<p>El Ayuntamiento de Cabez\u00f3n de Pisuerga ha suscrito un convenio de colaboraci\u00f3n con el Ministerio de Educaci\u00f3n y Formaci\u00f3n Profesional, para ofrecer a nuestros vecinos una oferta de formaci\u00f3n online, abierta y flexible de m\u00e1s de 150 cursos. Si quieres matricularte u obtener m\u00e1s informaci\u00f3n de los cursos que, lo primero que debes hacer es [&hellip;]<\/p>\n","protected":false},"author":1,"featured_media":0,"parent":0,"menu_order":0,"comment_status":"closed","ping_status":"closed","template":"","meta":{"footnotes":""},"class_list":["post-104","page","type-page","status-publish","hentry"],"_links":{"self":[{"href":"https:\/\/aulamentor.cabezonpisuerga.com\/index.php?rest_route=\/wp\/v2\/pages\/104","targetHints":{"allow":["GET"]}}],"collection":[{"href":"https:\/\/aulamentor.cabezonpisuerga.com\/index.php?rest_route=\/wp\/v2\/pages"}],"about":[{"href":"https:\/\/aulamentor.cabezonpisuerga.com\/index.php?rest_route=\/wp\/v2\/types\/page"}],"author":[{"embeddable":true,"href":"https:\/\/aulamentor.cabezonpisuerga.com\/index.php?rest_route=\/wp\/v2\/users\/1"}],"replies":[{"embeddable":true,"href":"https:\/\/aulamentor.cabezonpisuerga.com\/index.php?rest_route=%2Fwp%2Fv2%2Fcomments&post=104"}],"version-history":[{"count":15,"href":"https:\/\/aulamentor.cabezonpisuerga.com\/index.php?rest_route=\/wp\/v2\/pages\/104\/revisions"}],"predecessor-version":[{"id":228,"href":"https:\/\/aulamentor.cabezonpisuerga.com\/index.php?rest_route=\/wp\/v2\/pages\/104\/revisions\/228"}],"wp:attachment":[{"href":"https:\/\/aulamentor.cabezonpisuerga.com\/index.php?rest_route=%2Fwp%2Fv2%2Fmedia&parent=104"}],"curies":[{"name":"wp","href":"https:\/\/api.w.org\/{rel}","templated":true}]}}